{"id":249,"date":"2021-09-27T16:44:38","date_gmt":"2021-09-27T16:44:38","guid":{"rendered":"http:\/\/escapesarrieta.cl\/?page_id=249"},"modified":"2022-05-28T08:42:42","modified_gmt":"2022-05-28T08:42:42","slug":"escapes","status":"publish","type":"page","link":"https:\/\/escapesarrieta.cl\/?page_id=249","title":{"rendered":"Polarizados"},"content":{"rendered":"\t\t<div data-elementor-type=\"wp-page\" data-elementor-id=\"249\" class=\"elementor elementor-249\" data-elementor-settings=\"[]\">\n\t\t\t\t\t\t\t<div class=\"elementor-section-wrap\">\n\t\t\t\t\t\t\t<section class=\"elementor-section elementor-top-section elementor-element elementor-element-b920a11 elementor-section-boxed elementor-section-height-default elementor-section-height-default\" data-id=\"b920a11\" data-element_type=\"section\">\n\t\t\t\t\t\t<div class=\"elementor-container elementor-column-gap-default\">\n\t\t\t\t\t<div class=\"elementor-column elementor-col-100 elementor-top-column elementor-element elementor-element-357ff57\" data-id=\"357ff57\" data-element_type=\"column\">\n\t\t\t<div class=\"elementor-widget-wrap elementor-element-populated\">\n\t\t\t\t\t\t\t\t<div class=\"elementor-element elementor-element-e765381 elementor-widget elementor-widget-image\" data-id=\"e765381\" data-element_type=\"widget\" data-widget_type=\"image.default\">\n\t\t\t\t<div class=\"elementor-widget-container\">\n\t\t\t<style>\/*! elementor - v3.5.0 - 12-12-2021 *\/\n.elementor-widget-image{text-align:center}.elementor-widget-image a{display:inline-block}.elementor-widget-image a img[src$=\".svg\"]{width:48px}.elementor-widget-image img{vertical-align:middle;display:inline-block}<\/style>\t\t\t\t\t\t\t\t\t\t\t\t<img loading=\"lazy\" decoding=\"async\" width=\"1300\" height=\"119\" src=\"https:\/\/escapesarrieta.cl\/wp-content\/uploads\/2021\/10\/3333.jpg\" class=\"attachment-full size-full\" alt=\"\" srcset=\"https:\/\/escapesarrieta.cl\/wp-content\/uploads\/2021\/10\/3333.jpg 1300w, https:\/\/escapesarrieta.cl\/wp-content\/uploads\/2021\/10\/3333-300x27.jpg 300w, https:\/\/escapesarrieta.cl\/wp-content\/uploads\/2021\/10\/3333-1024x94.jpg 1024w, https:\/\/escapesarrieta.cl\/wp-content\/uploads\/2021\/10\/3333-150x14.jpg 150w, https:\/\/escapesarrieta.cl\/wp-content\/uploads\/2021\/10\/3333-768x70.jpg 768w\" sizes=\"auto, (max-width: 1300px) 100vw, 1300px\" \/>\t\t\t\t\t\t\t\t\t\t\t\t\t\t\t<\/div>\n\t\t\t\t<\/div>\n\t\t\t\t\t<\/div>\n\t\t<\/div>\n\t\t\t\t\t\t\t<\/div>\n\t\t<\/section>\n\t\t\t\t<section class=\"elementor-section elementor-top-section elementor-element elementor-element-2de601c animated-slow elementor-section-boxed elementor-section-height-default elementor-section-height-default\" data-id=\"2de601c\" data-element_type=\"section\" data-settings=\"{&quot;animation&quot;:&quot;none&quot;}\">\n\t\t\t\t\t\t<div class=\"elementor-container elementor-column-gap-default\">\n\t\t\t\t\t<div class=\"elementor-column elementor-col-50 elementor-top-column elementor-element elementor-element-c1c7986\" data-id=\"c1c7986\" data-element_type=\"column\">\n\t\t\t<div class=\"elementor-widget-wrap elementor-element-populated\">\n\t\t\t\t\t\t\t\t<div class=\"elementor-element elementor-element-2e00a7d elementor-widget elementor-widget-heading\" data-id=\"2e00a7d\" data-element_type=\"widget\" data-widget_type=\"heading.default\">\n\t\t\t\t<div class=\"elementor-widget-container\">\n\t\t\t<style>\/*! elementor - v3.5.0 - 12-12-2021 *\/\n.elementor-heading-title{padding:0;margin:0;line-height:1}.elementor-widget-heading .elementor-heading-title[class*=elementor-size-]>a{color:inherit;font-size:inherit;line-height:inherit}.elementor-widget-heading .elementor-heading-title.elementor-size-small{font-size:15px}.elementor-widget-heading .elementor-heading-title.elementor-size-medium{font-size:19px}.elementor-widget-heading .elementor-heading-title.elementor-size-large{font-size:29px}.elementor-widget-heading .elementor-heading-title.elementor-size-xl{font-size:39px}.elementor-widget-heading .elementor-heading-title.elementor-size-xxl{font-size:59px}<\/style><h5 class=\"elementor-heading-title elementor-size-default\">Servicios<\/h5>\t\t<\/div>\n\t\t\t\t<\/div>\n\t\t\t\t<div class=\"elementor-element elementor-element-cf1649b elementor-widget elementor-widget-text-editor\" data-id=\"cf1649b\" data-element_type=\"widget\" data-widget_type=\"text-editor.default\">\n\t\t\t\t<div class=\"elementor-widget-container\">\n\t\t\t<style>\/*! elementor - v3.5.0 - 12-12-2021 *\/\n.elementor-widget-text-editor.elementor-drop-cap-view-stacked .elementor-drop-cap{background-color:#818a91;color:#fff}.elementor-widget-text-editor.elementor-drop-cap-view-framed .elementor-drop-cap{color:#818a91;border:3px solid;background-color:transparent}.elementor-widget-text-editor:not(.elementor-drop-cap-view-default) .elementor-drop-cap{margin-top:8px}.elementor-widget-text-editor:not(.elementor-drop-cap-view-default) .elementor-drop-cap-letter{width:1em;height:1em}.elementor-widget-text-editor .elementor-drop-cap{float:left;text-align:center;line-height:1;font-size:50px}.elementor-widget-text-editor .elementor-drop-cap-letter{display:inline-block}<\/style>\t\t\t\t<p><strong>Polarizados de seguridad:<\/strong><br \/>Proteccion invaluable para todos sus seres queridos. Dificulte el robo express y el ingreso de proyectiles. laminas hasta 12&#8243;.<\/p><p><strong>Polarizados para parabrisas:<\/strong><br \/>Obtenga la m\u00e1s aIta aislaci\u00f3n del sol, sin sacrificar visibilidad. Las L\u00e1minas tipo <b>Profesional HP<\/b>, viene en tonalidades 50% y 70%, justamente para esto. Con un filtro del 99% de los rayos U. Violeta obtiene un SPF 1000. Con su tratamientos anti-rayas &#8220;SR&#8221;, se mantienen n\u00edtidas a tr\u00e1vez de los a\u00f1os.<\/p>\t\t\t\t\t\t<\/div>\n\t\t\t\t<\/div>\n\t\t\t\t<div class=\"elementor-element elementor-element-f8b856d elementor-widget elementor-widget-image\" data-id=\"f8b856d\" data-element_type=\"widget\" data-widget_type=\"image.default\">\n\t\t\t\t<div class=\"elementor-widget-container\">\n\t\t\t\t\t\t\t\t\t\t\t\t\t\t\t<img loading=\"lazy\" decoding=\"async\" width=\"650\" height=\"385\" src=\"https:\/\/escapesarrieta.cl\/wp-content\/uploads\/2021\/09\/polarizado.jpg\" class=\"attachment-large size-large\" alt=\"\" srcset=\"https:\/\/escapesarrieta.cl\/wp-content\/uploads\/2021\/09\/polarizado.jpg 650w, https:\/\/escapesarrieta.cl\/wp-content\/uploads\/2021\/09\/polarizado-300x178.jpg 300w\" sizes=\"auto, (max-width: 650px) 100vw, 650px\" \/>\t\t\t\t\t\t\t\t\t\t\t\t\t\t\t<\/div>\n\t\t\t\t<\/div>\n\t\t\t\t\t<\/div>\n\t\t<\/div>\n\t\t\t\t<div class=\"elementor-column elementor-col-50 elementor-top-column elementor-element elementor-element-60f70cb\" data-id=\"60f70cb\" data-element_type=\"column\">\n\t\t\t<div class=\"elementor-widget-wrap elementor-element-populated\">\n\t\t\t\t\t\t\t\t<div class=\"elementor-element elementor-element-073768d elementor-widget elementor-widget-image\" data-id=\"073768d\" data-element_type=\"widget\" data-widget_type=\"image.default\">\n\t\t\t\t<div class=\"elementor-widget-container\">\n\t\t\t\t\t\t\t\t\t\t\t\t\t\t\t<img loading=\"lazy\" decoding=\"async\" width=\"667\" height=\"500\" src=\"https:\/\/escapesarrieta.cl\/wp-content\/uploads\/2021\/09\/polarizados5.jpg\" class=\"attachment-large size-large\" alt=\"\" srcset=\"https:\/\/escapesarrieta.cl\/wp-content\/uploads\/2021\/09\/polarizados5.jpg 667w, https:\/\/escapesarrieta.cl\/wp-content\/uploads\/2021\/09\/polarizados5-300x225.jpg 300w\" sizes=\"auto, (max-width: 667px) 100vw, 667px\" \/>\t\t\t\t\t\t\t\t\t\t\t\t\t\t\t<\/div>\n\t\t\t\t<\/div>\n\t\t\t\t<section class=\"elementor-section elementor-inner-section elementor-element elementor-element-8f162aa elementor-section-boxed elementor-section-height-default elementor-section-height-default\" data-id=\"8f162aa\" data-element_type=\"section\">\n\t\t\t\t\t\t<div class=\"elementor-container elementor-column-gap-default\">\n\t\t\t\t\t<div class=\"elementor-column elementor-col-50 elementor-inner-column elementor-element elementor-element-209bcf2\" data-id=\"209bcf2\" data-element_type=\"column\">\n\t\t\t<div class=\"elementor-widget-wrap elementor-element-populated\">\n\t\t\t\t\t\t\t\t<div class=\"elementor-element elementor-element-0166033 elementor-widget elementor-widget-image\" data-id=\"0166033\" data-element_type=\"widget\" data-widget_type=\"image.default\">\n\t\t\t\t<div class=\"elementor-widget-container\">\n\t\t\t\t\t\t\t\t\t\t\t\t\t\t\t<img loading=\"lazy\" decoding=\"async\" width=\"667\" height=\"500\" src=\"https:\/\/escapesarrieta.cl\/wp-content\/uploads\/2021\/09\/polarizados6.jpg\" class=\"attachment-large size-large\" alt=\"\" srcset=\"https:\/\/escapesarrieta.cl\/wp-content\/uploads\/2021\/09\/polarizados6.jpg 667w, https:\/\/escapesarrieta.cl\/wp-content\/uploads\/2021\/09\/polarizados6-300x225.jpg 300w\" sizes=\"auto, (max-width: 667px) 100vw, 667px\" \/>\t\t\t\t\t\t\t\t\t\t\t\t\t\t\t<\/div>\n\t\t\t\t<\/div>\n\t\t\t\t\t<\/div>\n\t\t<\/div>\n\t\t\t\t<div class=\"elementor-column elementor-col-50 elementor-inner-column elementor-element elementor-element-5217702\" data-id=\"5217702\" data-element_type=\"column\">\n\t\t\t<div class=\"elementor-widget-wrap elementor-element-populated\">\n\t\t\t\t\t\t\t\t<div class=\"elementor-element elementor-element-b5d9d70 elementor-widget elementor-widget-image\" data-id=\"b5d9d70\" data-element_type=\"widget\" data-widget_type=\"image.default\">\n\t\t\t\t<div class=\"elementor-widget-container\">\n\t\t\t\t\t\t\t\t\t\t\t\t\t\t\t<img loading=\"lazy\" decoding=\"async\" width=\"667\" height=\"500\" src=\"https:\/\/escapesarrieta.cl\/wp-content\/uploads\/2021\/09\/39277813_254849691812889_4692638352296378368_n.jpg\" class=\"attachment-large size-large\" alt=\"\" srcset=\"https:\/\/escapesarrieta.cl\/wp-content\/uploads\/2021\/09\/39277813_254849691812889_4692638352296378368_n.jpg 667w, https:\/\/escapesarrieta.cl\/wp-content\/uploads\/2021\/09\/39277813_254849691812889_4692638352296378368_n-300x225.jpg 300w\" sizes=\"auto, (max-width: 667px) 100vw, 667px\" \/>\t\t\t\t\t\t\t\t\t\t\t\t\t\t\t<\/div>\n\t\t\t\t<\/div>\n\t\t\t\t\t<\/div>\n\t\t<\/div>\n\t\t\t\t\t\t\t<\/div>\n\t\t<\/section>\n\t\t\t\t<section class=\"elementor-section elementor-inner-section elementor-element elementor-element-8937e39 elementor-hidden-mobile elementor-section-boxed elementor-section-height-default elementor-section-height-default\" data-id=\"8937e39\" data-element_type=\"section\">\n\t\t\t\t\t\t<div class=\"elementor-container elementor-column-gap-default\">\n\t\t\t\t\t<div class=\"elementor-column elementor-col-50 elementor-inner-column elementor-element elementor-element-400abab\" data-id=\"400abab\" data-element_type=\"column\">\n\t\t\t<div class=\"elementor-widget-wrap elementor-element-populated\">\n\t\t\t\t\t\t\t\t<div class=\"elementor-element elementor-element-6ea66e0 elementor-widget elementor-widget-image\" data-id=\"6ea66e0\" data-element_type=\"widget\" data-widget_type=\"image.default\">\n\t\t\t\t<div class=\"elementor-widget-container\">\n\t\t\t\t\t\t\t\t\t\t\t\t\t\t\t<img loading=\"lazy\" decoding=\"async\" width=\"667\" height=\"500\" src=\"https:\/\/escapesarrieta.cl\/wp-content\/uploads\/2021\/10\/escape3-1.jpg\" class=\"attachment-large size-large\" alt=\"\" srcset=\"https:\/\/escapesarrieta.cl\/wp-content\/uploads\/2021\/10\/escape3-1.jpg 667w, https:\/\/escapesarrieta.cl\/wp-content\/uploads\/2021\/10\/escape3-1-300x225.jpg 300w, https:\/\/escapesarrieta.cl\/wp-content\/uploads\/2021\/10\/escape3-1-150x112.jpg 150w\" sizes=\"auto, (max-width: 667px) 100vw, 667px\" \/>\t\t\t\t\t\t\t\t\t\t\t\t\t\t\t<\/div>\n\t\t\t\t<\/div>\n\t\t\t\t\t<\/div>\n\t\t<\/div>\n\t\t\t\t<div class=\"elementor-column elementor-col-50 elementor-inner-column elementor-element elementor-element-189007b\" data-id=\"189007b\" data-element_type=\"column\">\n\t\t\t<div class=\"elementor-widget-wrap elementor-element-populated\">\n\t\t\t\t\t\t\t\t<div class=\"elementor-element elementor-element-a8df589 elementor-widget elementor-widget-image\" data-id=\"a8df589\" data-element_type=\"widget\" data-widget_type=\"image.default\">\n\t\t\t\t<div class=\"elementor-widget-container\">\n\t\t\t\t\t\t\t\t\t\t\t\t\t\t\t<img loading=\"lazy\" decoding=\"async\" width=\"667\" height=\"500\" src=\"https:\/\/escapesarrieta.cl\/wp-content\/uploads\/2021\/09\/39167100_254849708479554_7180745647404875776_n.jpg\" class=\"attachment-large size-large\" alt=\"\" srcset=\"https:\/\/escapesarrieta.cl\/wp-content\/uploads\/2021\/09\/39167100_254849708479554_7180745647404875776_n.jpg 667w, https:\/\/escapesarrieta.cl\/wp-content\/uploads\/2021\/09\/39167100_254849708479554_7180745647404875776_n-300x225.jpg 300w\" sizes=\"auto, (max-width: 667px) 100vw, 667px\" \/>\t\t\t\t\t\t\t\t\t\t\t\t\t\t\t<\/div>\n\t\t\t\t<\/div>\n\t\t\t\t\t<\/div>\n\t\t<\/div>\n\t\t\t\t\t\t\t<\/div>\n\t\t<\/section>\n\t\t\t\t\t<\/div>\n\t\t<\/div>\n\t\t\t\t\t\t\t<\/div>\n\t\t<\/section>\n\t\t\t\t\t\t<\/div>\n\t\t\t\t\t<\/div>\n\t\t","protected":false},"excerpt":{"rendered":"<p>Servicios Polarizados de seguridad:Proteccion invaluable para todos sus seres queridos. Dificulte el robo express y el ingreso de proyectiles. laminas<\/p>\n","protected":false},"author":1,"featured_media":0,"parent":0,"menu_order":0,"comment_status":"closed","ping_status":"closed","template":"","meta":{"footnotes":""},"class_list":["post-249","page","type-page","status-publish","hentry"],"_links":{"self":[{"href":"https:\/\/escapesarrieta.cl\/index.php?rest_route=\/wp\/v2\/pages\/249","targetHints":{"allow":["GET"]}}],"collection":[{"href":"https:\/\/escapesarrieta.cl\/index.php?rest_route=\/wp\/v2\/pages"}],"about":[{"href":"https:\/\/escapesarrieta.cl\/index.php?rest_route=\/wp\/v2\/types\/page"}],"author":[{"embeddable":true,"href":"https:\/\/escapesarrieta.cl\/index.php?rest_route=\/wp\/v2\/users\/1"}],"replies":[{"embeddable":true,"href":"https:\/\/escapesarrieta.cl\/index.php?rest_route=%2Fwp%2Fv2%2Fcomments&post=249"}],"version-history":[{"count":41,"href":"https:\/\/escapesarrieta.cl\/index.php?rest_route=\/wp\/v2\/pages\/249\/revisions"}],"predecessor-version":[{"id":736,"href":"https:\/\/escapesarrieta.cl\/index.php?rest_route=\/wp\/v2\/pages\/249\/revisions\/736"}],"wp:attachment":[{"href":"https:\/\/escapesarrieta.cl\/index.php?rest_route=%2Fwp%2Fv2%2Fmedia&parent=249"}],"curies":[{"name":"wp","href":"https:\/\/api.w.org\/{rel}","templated":true}]}}